{"id":92,"date":"2017-07-02T18:24:20","date_gmt":"2017-07-02T18:24:20","guid":{"rendered":"http:\/\/sabrinaespinosa.com\/?page_id=92"},"modified":"2024-08-12T13:09:13","modified_gmt":"2024-08-12T13:09:13","slug":"servicios-para-delegaciones","status":"publish","type":"page","link":"https:\/\/sabrinaespinosa.com\/index.php\/servicios-para-delegaciones\/","title":{"rendered":"Servicios para  delegaciones"},"content":{"rendered":"<p><strong>Servicios para Delegaciones Comerciales en los Emiratos \u00c1rabes Unidos<\/strong><\/p>\n<p>Las delegaciones y grupos en misi\u00f3n comercial que visiten la regi\u00f3n, o que participen en ferias y exhibiciones, pueden contratar una variedad de servicios para facilitar su experiencia y maximizar sus oportunidades de negocio.<\/p>\n<p><strong>Inteligencia Comercial y Agendas Personalizadas<\/strong><\/p>\n<p>Antes de la llegada de la delegaci\u00f3n, llevamos a cabo un exhaustivo trabajo de inteligencia comercial para proporcionar a la instituci\u00f3n o agencia una agenda de negocios adaptada a los objetivos de los participantes. Estas reuniones estrat\u00e9gicas se llevar\u00e1n a cabo tanto durante la feria como en otros momentos, optimizando el tiempo y los recursos disponibles.<\/p>\n<p><strong>Apoyo Integral durante la Visita a los Emiratos \u00c1rabes Unidos<\/strong><\/p>\n<p>Desde el momento en que la delegaci\u00f3n llega al aeropuerto hasta su partida, nuestro equipo estar\u00e1 a disposici\u00f3n para facilitar todos los arreglos necesarios, incluyendo transporte, alojamiento y cualquier otro servicio requerido. Nos aseguramos de que la experiencia sea lo m\u00e1s fluida y productiva posible.<\/p>\n<p><strong>Agenda Institucional<\/strong><\/p>\n<p>Sabrina Espinosa estar\u00e1 disponible para apoyar al equipo acompa\u00f1ante de los representantes durante sus compromisos pol\u00edticos y econ\u00f3micos en los Emiratos \u00c1rabes Unidos. Su amplia red profesional estar\u00e1 a disposici\u00f3n para ayudar a alcanzar los objetivos planteados para la misi\u00f3n, asegurando el \u00e9xito de la agenda institucional.<\/p>\n<p><strong>Trabajo de Campo<\/strong><\/p>\n<p>Sabrina Espinosa estar\u00e1 presente en los Emiratos \u00c1rabes Unidos durante la visita de la delegaci\u00f3n, donde sea requerida. Colaborar\u00e1 estrechamente con el equipo del cliente para proporcionar servicios esenciales como traducci\u00f3n, apoyo comercial, y representaci\u00f3n de negocios en el pabell\u00f3n o stand asignado, o en cualquier otro lugar necesario.<\/p>\n<p><strong>Capacitaci\u00f3n en Cultura de Negocios<\/strong><\/p>\n<p>Se ofrecer\u00e1 una capacitaci\u00f3n titulada &#8220;La etiqueta de negocio en el mundo \u00c1rabe&#8221; para los miembros de la delegaci\u00f3n interesados en aprender sobre las normas de comportamiento en reuniones de negocios en la regi\u00f3n. Esta sesi\u00f3n din\u00e1mica, dise\u00f1ada para no exceder los 80 minutos, cubrir\u00e1 lo que se debe y no se debe hacer para asegurar el \u00e9xito en las interacciones comerciales.<\/p>\n<p><strong>Benchmarking<\/strong><\/p>\n<p>Organizaremos visitas a puntos de venta de productos o servicios similares a los del cliente para comparar precios y evaluar el posicionamiento de la marca en el mercado local. Este an\u00e1lisis proporcionar\u00e1 una idea preliminar del potencial del mercado para el cliente.<\/p>\n<p><strong>Gesti\u00f3n de Agenda Recreativa y Tur\u00edstica<\/strong><\/p>\n<p>Con el apoyo de nuestras empresas colaboradoras en el sector tur\u00edstico, ofreceremos servicios que permitan disfrutar de un paquete interesante y ajustado a las necesidades del grupo, integrando tiempo libre en la agenda comercial. De esta manera, los participantes podr\u00e1n experimentar lo mejor que la regi\u00f3n tiene\u00a0para\u00a0ofrecer.<\/p>\n","protected":false},"excerpt":{"rendered":"<p>Servicios para Delegaciones Comerciales en los Emiratos \u00c1rabes Unidos Las delegaciones y grupos en misi\u00f3n comercial que visiten la regi\u00f3n, o que participen en ferias y exhibiciones, pueden contratar una variedad de servicios para facilitar su experiencia y maximizar sus oportunidades de negocio. Inteligencia Comercial y Agendas Personalizadas Antes de la llegada de la delegaci\u00f3n, &hellip; <\/p>\n<p class=\"link-more\"><a href=\"https:\/\/sabrinaespinosa.com\/index.php\/servicios-para-delegaciones\/\" class=\"more-link\">Continue reading<span class=\"screen-reader-text\"> &#8220;Servicios para  delegaciones&#8221;<\/span><\/a><\/p>\n","protected":false},"author":1,"featured_media":0,"parent":0,"menu_order":0,"comment_status":"closed","ping_status":"closed","template":"","meta":{"om_disable_all_campaigns":false,"jetpack_post_was_ever_published":false,"footnotes":""},"class_list":["post-92","page","type-page","status-publish","hentry"],"jetpack_sharing_enabled":true,"jetpack_shortlink":"https:\/\/wp.me\/P8iBeJ-1u","_links":{"self":[{"href":"https:\/\/sabrinaespinosa.com\/index.php\/wp-json\/wp\/v2\/pages\/92","targetHints":{"allow":["GET"]}}],"collection":[{"href":"https:\/\/sabrinaespinosa.com\/index.php\/wp-json\/wp\/v2\/pages"}],"about":[{"href":"https:\/\/sabrinaespinosa.com\/index.php\/wp-json\/wp\/v2\/types\/page"}],"author":[{"embeddable":true,"href":"https:\/\/sabrinaespinosa.com\/index.php\/wp-json\/wp\/v2\/users\/1"}],"replies":[{"embeddable":true,"href":"https:\/\/sabrinaespinosa.com\/index.php\/wp-json\/wp\/v2\/comments?post=92"}],"version-history":[{"count":5,"href":"https:\/\/sabrinaespinosa.com\/index.php\/wp-json\/wp\/v2\/pages\/92\/revisions"}],"predecessor-version":[{"id":7167,"href":"https:\/\/sabrinaespinosa.com\/index.php\/wp-json\/wp\/v2\/pages\/92\/revisions\/7167"}],"wp:attachment":[{"href":"https:\/\/sabrinaespinosa.com\/index.php\/wp-json\/wp\/v2\/media?parent=92"}],"curies":[{"name":"wp","href":"https:\/\/api.w.org\/{rel}","templated":true}]}}