{"id":5,"date":"2017-01-16T06:10:23","date_gmt":"2017-01-16T06:10:23","guid":{"rendered":"http:\/\/sabrinaespinosa.com\/index.php\/blog\/"},"modified":"2025-01-16T19:16:55","modified_gmt":"2025-01-16T19:16:55","slug":"blog","status":"publish","type":"page","link":"https:\/\/sabrinaespinosa.com\/index.php\/blog\/","title":{"rendered":"\u00bfPor qu\u00e9 es crucial buscar orientaci\u00f3n y comprender un mercado antes de entrar en \u00e9l?"},"content":{"rendered":"\n<p>Aqu\u00ed hay 5 razones convincentes:<\/p>\n\n\n\n<p>1. Detectar oportunidades: Obtener informaci\u00f3n sobre un mercado te ayuda a descubrir nichos y oportunidades que podr\u00edan no ser evidentes de inmediato para los forasteros. Esto le da una ventaja competitiva significativa al ingresar al mercado.<\/p>\n\n\n\n<p>2. Minimizar los riesgos: Comprender las tendencias del mercado, los comportamientos de los consumidores y la din\u00e1mica competitiva le permite reducir los riesgos asociados con la inversi\u00f3n y las operaciones. Con este conocimiento, puede anticipar desaf\u00edos y desarrollar estrategias para abordarlos de manera proactiva.<\/p>\n\n\n\n<p>3. Toma de decisiones informada: La informaci\u00f3n precisa es esencial para tomar decisiones bien informadas. Un conocimiento profundo del mercado le permite tomar mejores decisiones con respecto a las ofertas de productos, las estrategias de precios, los enfoques de marketing y los m\u00e9todos de distribuci\u00f3n.<\/p>\n\n\n\n<p>4. Adaptabilidad y flexibilidad: Los mercados evolucionan continuamente debido a factores como los avances tecnol\u00f3gicos, las tendencias sociales y econ\u00f3micas cambiantes y las presiones competitivas. Al estar bien informado, puede adaptarse de manera m\u00e1s efectiva a estos cambios y refinar su estrategia comercial en consecuencia.<\/p>\n\n\n\n<p>5. Construcci\u00f3n de relaciones estrat\u00e9gicas: Interactuar con un mercado antes de ingresar por completo a \u00e9l le permite establecer conexiones valiosas con las partes interesadas clave, incluidos proveedores, distribuidores, clientes potenciales e incluso competidores. Estas relaciones pueden ser fundamentales para el \u00e9xito a largo plazo de su negocio.<\/p>\n\n\n\n<p>Invertir en inteligencia de mercado es una de las mejores formas de asignar tus recursos. Considere la posibilidad de buscar asistencia profesional para introducir eficazmente su producto o servicio en Dub\u00e1i.<\/p>\n\n\n\n<p><\/p>\n\n\n\n<p><\/p>\n","protected":false},"excerpt":{"rendered":"<p>Aqu\u00ed hay 5 razones convincentes: 1. Detectar oportunidades: Obtener informaci\u00f3n sobre un mercado te ayuda a descubrir nichos y oportunidades que podr\u00edan no ser evidentes de inmediato para los forasteros. Esto le da una ventaja competitiva significativa al ingresar al mercado. 2. Minimizar los riesgos: Comprender las tendencias del mercado, los comportamientos de los consumidores &hellip; <\/p>\n<p class=\"link-more\"><a href=\"https:\/\/sabrinaespinosa.com\/index.php\/blog\/\" class=\"more-link\">Continue reading<span class=\"screen-reader-text\"> &#8220;\u00bfPor qu\u00e9 es crucial buscar orientaci\u00f3n y comprender un mercado antes de entrar en \u00e9l?&#8221;<\/span><\/a><\/p>\n","protected":false},"author":1,"featured_media":0,"parent":0,"menu_order":0,"comment_status":"closed","ping_status":"closed","template":"","meta":{"om_disable_all_campaigns":false,"jetpack_post_was_ever_published":false,"footnotes":""},"class_list":["post-5","page","type-page","status-publish","hentry"],"jetpack_sharing_enabled":true,"jetpack_shortlink":"https:\/\/wp.me\/P8iBeJ-5","_links":{"self":[{"href":"https:\/\/sabrinaespinosa.com\/index.php\/wp-json\/wp\/v2\/pages\/5","targetHints":{"allow":["GET"]}}],"collection":[{"href":"https:\/\/sabrinaespinosa.com\/index.php\/wp-json\/wp\/v2\/pages"}],"about":[{"href":"https:\/\/sabrinaespinosa.com\/index.php\/wp-json\/wp\/v2\/types\/page"}],"author":[{"embeddable":true,"href":"https:\/\/sabrinaespinosa.com\/index.php\/wp-json\/wp\/v2\/users\/1"}],"replies":[{"embeddable":true,"href":"https:\/\/sabrinaespinosa.com\/index.php\/wp-json\/wp\/v2\/comments?post=5"}],"version-history":[{"count":5,"href":"https:\/\/sabrinaespinosa.com\/index.php\/wp-json\/wp\/v2\/pages\/5\/revisions"}],"predecessor-version":[{"id":7230,"href":"https:\/\/sabrinaespinosa.com\/index.php\/wp-json\/wp\/v2\/pages\/5\/revisions\/7230"}],"wp:attachment":[{"href":"https:\/\/sabrinaespinosa.com\/index.php\/wp-json\/wp\/v2\/media?parent=5"}],"curies":[{"name":"wp","href":"https:\/\/api.w.org\/{rel}","templated":true}]}}