{"id":4,"date":"2017-01-16T06:10:22","date_gmt":"2017-01-16T06:10:22","guid":{"rendered":"http:\/\/sabrinaespinosa.com\/index.php\/home\/"},"modified":"2025-01-16T17:57:08","modified_gmt":"2025-01-16T17:57:08","slug":"home","status":"publish","type":"page","link":"https:\/\/sabrinaespinosa.com\/","title":{"rendered":"Sabrina Espinosa Consulting and Services"},"content":{"rendered":"<p>Sabrina Espinosa Consulting and Services, fundado y dirigido por Sabrina Espinosa, se especializa en asesor\u00eda en comercio e inversiones. Sabrina Espinosa, con una destacada trayectoria en el \u00e1mbito comercial y diplom\u00e1tico, dej\u00f3 su cargo como Asesora en la Embajada Argentina en los Emiratos \u00c1rabes Unidos, donde desempe\u00f1\u00f3 funciones en la secci\u00f3n comercial durante tres a\u00f1os. En ese per\u00edodo, coordin\u00f3 todas las acciones en el Emirato de Dub\u00e1i y desarroll\u00f3 iniciativas institucionales y comerciales clave.<\/p>\n<p>Durante su tiempo en la embajada, Sabrina llev\u00f3 a cabo las siguientes actividades:<\/p>\n<p>&#8211; Foment\u00f3 el comercio entre empresas argentinas y las del Consejo de Cooperaci\u00f3n del Golfo (GCC).<br \/>\n&#8211; Apoy\u00f3 a las empresas argentinas en el establecimiento y posicionamiento de sus productos en Medio Oriente.<br \/>\n&#8211; Elabor\u00f3 estudios de mercado y prospecci\u00f3n de negocios.<br \/>\n&#8211; Organizo delegaciones comerciales en los Emiratos \u00c1rabes Unidos.<br \/>\n&#8211; Coordin\u00f3 eventos y exhibiciones.<br \/>\n&#8211; Desarroll\u00f3 actividades de promoci\u00f3n tur\u00edstica.<br \/>\n&#8211; Represent\u00f3 a la Embajada Argentina y al Sr. Embajador en numerosas reuniones y encuentros oficiales.<\/p>\n<p>Con m\u00e1s de 15 a\u00f1os de residencia en EAU y una amplia experiencia profesional en la regi\u00f3n, Sabrina Espinosa es una experta en la promoci\u00f3n de empresas latinas en Medio Oriente. Su red de contactos es extensa y diversa, habiendo sido anteriormente Coordinadora General de la C\u00e1mara de Empresarios Espa\u00f1oles en EAU durante cuatro a\u00f1os. Su certificaci\u00f3n internacional en ingl\u00e9s, junto con su profundo conocimiento del mercado \u00e1rabe e isl\u00e1mico, la convierten en la profesional ideal para confiar sus intereses\u00a0en\u00a0el\u00a0Golfo.<\/p>\n","protected":false},"excerpt":{"rendered":"<p>Sabrina Espinosa Consulting and Services, fundado y dirigido por Sabrina Espinosa, se especializa en asesor\u00eda en comercio e inversiones. Sabrina Espinosa, con una destacada trayectoria en el \u00e1mbito comercial y diplom\u00e1tico, dej\u00f3 su cargo como Asesora en la Embajada Argentina en los Emiratos \u00c1rabes Unidos, donde desempe\u00f1\u00f3 funciones en la secci\u00f3n comercial durante tres a\u00f1os. &hellip; <\/p>\n<p class=\"link-more\"><a href=\"https:\/\/sabrinaespinosa.com\/\" class=\"more-link\">Continue reading<span class=\"screen-reader-text\"> &#8220;Sabrina Espinosa Consulting and Services&#8221;<\/span><\/a><\/p>\n","protected":false},"author":1,"featured_media":7158,"parent":0,"menu_order":0,"comment_status":"closed","ping_status":"closed","template":"","meta":{"om_disable_all_campaigns":false,"jetpack_post_was_ever_published":false,"footnotes":""},"class_list":["post-4","page","type-page","status-publish","has-post-thumbnail","hentry"],"jetpack_sharing_enabled":true,"jetpack_shortlink":"https:\/\/wp.me\/P8iBeJ-4","_links":{"self":[{"href":"https:\/\/sabrinaespinosa.com\/index.php\/wp-json\/wp\/v2\/pages\/4","targetHints":{"allow":["GET"]}}],"collection":[{"href":"https:\/\/sabrinaespinosa.com\/index.php\/wp-json\/wp\/v2\/pages"}],"about":[{"href":"https:\/\/sabrinaespinosa.com\/index.php\/wp-json\/wp\/v2\/types\/page"}],"author":[{"embeddable":true,"href":"https:\/\/sabrinaespinosa.com\/index.php\/wp-json\/wp\/v2\/users\/1"}],"replies":[{"embeddable":true,"href":"https:\/\/sabrinaespinosa.com\/index.php\/wp-json\/wp\/v2\/comments?post=4"}],"version-history":[{"count":5,"href":"https:\/\/sabrinaespinosa.com\/index.php\/wp-json\/wp\/v2\/pages\/4\/revisions"}],"predecessor-version":[{"id":7220,"href":"https:\/\/sabrinaespinosa.com\/index.php\/wp-json\/wp\/v2\/pages\/4\/revisions\/7220"}],"wp:featuredmedia":[{"embeddable":true,"href":"https:\/\/sabrinaespinosa.com\/index.php\/wp-json\/wp\/v2\/media\/7158"}],"wp:attachment":[{"href":"https:\/\/sabrinaespinosa.com\/index.php\/wp-json\/wp\/v2\/media?parent=4"}],"curies":[{"name":"wp","href":"https:\/\/api.w.org\/{rel}","templated":true}]}}